{"id":4865,"date":"2021-03-20T15:01:49","date_gmt":"2021-03-20T15:01:49","guid":{"rendered":"https:\/\/www.flashphoto.es\/?post_type=product&#038;p=4865"},"modified":"2021-03-20T15:02:50","modified_gmt":"2021-03-20T15:02:50","slug":"serie-louna-pr","status":"publish","type":"product","link":"https:\/\/www.flashphoto.es\/?product=serie-louna-pr","title":{"rendered":"Serie LOUNA PR"},"content":{"rendered":"<p>Marco de retrato LOUNA<\/p>\n<p>El marco est\u00e1 provisto de un cristal claro pulido y lavado, y se suministra individualmente en un embalaje de cart\u00f3n. Adicionalmente, en la parte posterior existen anillas de suspensi\u00f3n para poder colgar el marco en formato horizontal o vertical.<\/p>\n<p>Marcos para retratos de gran calidad fabricados de metal, con plateado aut\u00e9ntico y protegidos contra el deslustre.<\/p>\n","protected":false},"excerpt":{"rendered":"<ul>\n<li><span class=\"a-list-item\">Marco del metal de gran valor, plateado<\/span><\/li>\n<li><span class=\"a-list-item\">Con un sobrefaz brillante<\/span><\/li>\n<li><span class=\"a-list-item\">Perfil con efecto de golpes<\/span><\/li>\n<li><span class=\"a-list-item\">Dorso con terciopelo negro<\/span><\/li>\n<li>Formato 10 x 15<\/li>\n<\/ul>\n","protected":false},"featured_media":4867,"comment_status":"open","ping_status":"closed","template":"","meta":[],"product_cat":[84,396],"product_tag":[348,403],"class_list":{"0":"post-4865","1":"product","2":"type-product","3":"status-publish","4":"has-post-thumbnail","6":"product_cat-luxury","7":"product_cat-metal","8":"product_tag-luxury","9":"product_tag-metal","11":"first","12":"instock","13":"taxable","14":"shipping-taxable","15":"purchasable","16":"product-type-simple"},"yoast_head":"<!-- This site is optimized with the Yoast SEO plugin v16.3 - https:\/\/yoast.com\/wordpress\/plugins\/seo\/ -->\n<title>Serie LOUNA PR - FLASH PHOTO IMAGE<\/title>\n<meta name=\"robots\" content=\"index, follow, max-snippet:-1, max-image-preview:large, max-video-preview:-1\" \/>\n<link rel=\"canonical\" href=\"https:\/\/www.flashphoto.es\/?product=serie-louna-pr\" \/>\n<meta property=\"og:locale\" content=\"es_ES\" \/>\n<meta property=\"og:type\" content=\"article\" \/>\n<meta property=\"og:title\" content=\"Serie LOUNA PR - FLASH PHOTO IMAGE\" \/>\n<meta property=\"og:description\" content=\"Marco del metal de gran valor, plateado  Con un sobrefaz brillante  Perfil con efecto de golpes  Dorso con terciopelo negro  Formato 10 x 15\" \/>\n<meta property=\"og:url\" content=\"https:\/\/www.flashphoto.es\/?product=serie-louna-pr\" \/>\n<meta property=\"og:site_name\" content=\"FLASH PHOTO IMAGE\" \/>\n<meta property=\"article:publisher\" content=\"https:\/\/www.facebook.com\/fp_flashphoto-100879842053462\" \/>\n<meta property=\"article:modified_time\" content=\"2021-03-20T15:02:50+00:00\" \/>\n<meta property=\"og:image\" content=\"https:\/\/www.flashphoto.es\/wp-content\/uploads\/2021\/03\/SERIE-LUNA-PLATA.png\" \/>\n\t<meta property=\"og:image:width\" content=\"656\" \/>\n\t<meta property=\"og:image:height\" content=\"625\" \/>\n<meta name=\"twitter:card\" content=\"summary_large_image\" \/>\n<script type=\"application\/ld+json\" class=\"yoast-schema-graph\">{\"@context\":\"https:\/\/schema.org\",\"@graph\":[{\"@type\":\"WebSite\",\"@id\":\"https:\/\/www.flashphoto.es\/#website\",\"url\":\"https:\/\/www.flashphoto.es\/\",\"name\":\"FLASH PHOTO IMAGE\",\"description\":\"Decorando momentos inolvidables\",\"potentialAction\":[{\"@type\":\"SearchAction\",\"target\":\"https:\/\/www.flashphoto.es\/?s={search_term_string}\",\"query-input\":\"required name=search_term_string\"}],\"inLanguage\":\"es\"},{\"@type\":\"ImageObject\",\"@id\":\"https:\/\/www.flashphoto.es\/?product=serie-louna-pr#primaryimage\",\"inLanguage\":\"es\",\"url\":\"https:\/\/www.flashphoto.es\/wp-content\/uploads\/2021\/03\/SERIE-LUNA-PLATA.png\",\"contentUrl\":\"https:\/\/www.flashphoto.es\/wp-content\/uploads\/2021\/03\/SERIE-LUNA-PLATA.png\",\"width\":656,\"height\":625},{\"@type\":\"WebPage\",\"@id\":\"https:\/\/www.flashphoto.es\/?product=serie-louna-pr#webpage\",\"url\":\"https:\/\/www.flashphoto.es\/?product=serie-louna-pr\",\"name\":\"Serie LOUNA PR - FLASH PHOTO IMAGE\",\"isPartOf\":{\"@id\":\"https:\/\/www.flashphoto.es\/#website\"},\"primaryImageOfPage\":{\"@id\":\"https:\/\/www.flashphoto.es\/?product=serie-louna-pr#primaryimage\"},\"datePublished\":\"2021-03-20T15:01:49+00:00\",\"dateModified\":\"2021-03-20T15:02:50+00:00\",\"breadcrumb\":{\"@id\":\"https:\/\/www.flashphoto.es\/?product=serie-louna-pr#breadcrumb\"},\"inLanguage\":\"es\",\"potentialAction\":[{\"@type\":\"ReadAction\",\"target\":[\"https:\/\/www.flashphoto.es\/?product=serie-louna-pr\"]}]},{\"@type\":\"BreadcrumbList\",\"@id\":\"https:\/\/www.flashphoto.es\/?product=serie-louna-pr#breadcrumb\",\"itemListElement\":[{\"@type\":\"ListItem\",\"position\":1,\"item\":{\"@type\":\"WebPage\",\"@id\":\"https:\/\/www.flashphoto.es\/\",\"url\":\"https:\/\/www.flashphoto.es\/\",\"name\":\"Portada\"}},{\"@type\":\"ListItem\",\"position\":2,\"item\":{\"@type\":\"WebPage\",\"@id\":\"https:\/\/www.flashphoto.es\/?post_type=product\",\"url\":\"https:\/\/www.flashphoto.es\/?post_type=product\",\"name\":\"Productos\"}},{\"@type\":\"ListItem\",\"position\":3,\"item\":{\"@id\":\"https:\/\/www.flashphoto.es\/?product=serie-louna-pr#webpage\"}}]}]}<\/script>\n<!-- \/ Yoast SEO plugin. -->","_links":{"self":[{"href":"https:\/\/www.flashphoto.es\/index.php?rest_route=\/wp\/v2\/product\/4865","targetHints":{"allow":["GET"]}}],"collection":[{"href":"https:\/\/www.flashphoto.es\/index.php?rest_route=\/wp\/v2\/product"}],"about":[{"href":"https:\/\/www.flashphoto.es\/index.php?rest_route=\/wp\/v2\/types\/product"}],"replies":[{"embeddable":true,"href":"https:\/\/www.flashphoto.es\/index.php?rest_route=%2Fwp%2Fv2%2Fcomments&post=4865"}],"wp:featuredmedia":[{"embeddable":true,"href":"https:\/\/www.flashphoto.es\/index.php?rest_route=\/wp\/v2\/media\/4867"}],"wp:attachment":[{"href":"https:\/\/www.flashphoto.es\/index.php?rest_route=%2Fwp%2Fv2%2Fmedia&parent=4865"}],"wp:term":[{"taxonomy":"product_cat","embeddable":true,"href":"https:\/\/www.flashphoto.es\/index.php?rest_route=%2Fwp%2Fv2%2Fproduct_cat&post=4865"},{"taxonomy":"product_tag","embeddable":true,"href":"https:\/\/www.flashphoto.es\/index.php?rest_route=%2Fwp%2Fv2%2Fproduct_tag&post=4865"}],"curies":[{"name":"wp","href":"https:\/\/api.w.org\/{rel}","templated":true}]}}