{"id":5238,"date":"2021-03-29T19:13:41","date_gmt":"2021-03-29T19:13:41","guid":{"rendered":"https:\/\/www.flashphoto.es\/?post_type=product&#038;p=5238"},"modified":"2026-03-17T19:16:03","modified_gmt":"2026-03-17T19:16:03","slug":"serie-bebe-by-my-side-uk-277","status":"publish","type":"product","link":"https:\/\/www.flashphoto.es\/?product=serie-bebe-by-my-side-uk-277","title":{"rendered":"Serie Beb\u00e9 BY MY SIDE UK-277"},"content":{"rendered":"<ul>\n<li>\u00c1lbum para beb\u00e9s encuadernado en un libro con motivos de animales, con cubierta de impresi\u00f3n art\u00edstica laminada de alta calidad.<\/li>\n<li>El \u00e1lbum en formato 28&#215;30,5 cm tiene 50 p\u00e1ginas blancas de cartulina fotogr\u00e1fica libre de \u00e1cido con hojas protectoras de glassine blanco, una cabecera ilustrada de 4 p\u00e1ginas y est\u00e1 equipado con un CD y archivo de negativos.<\/li>\n<li>Embalaje: film retr\u00e1ctil<\/li>\n<\/ul>\n","protected":false},"excerpt":{"rendered":"<ul class=\"a-unordered-list a-vertical a-spacing-mini\">\n<li>Formato 28.0 x 30.5<\/li>\n<li><span class=\"a-list-item\">Tiene 50 p\u00e1ginas en blanco.<\/span><\/li>\n<li><span class=\"a-list-item\">La introducci\u00f3n ilustrada de 4 p\u00e1ginas.\u00a0<\/span><\/li>\n<li><span class=\"a-list-item\">Adem\u00e1s, el \u00e1lbum est\u00e1 equipado con un CD y un archivo de negativos.<\/span><\/li>\n<\/ul>\n","protected":false},"featured_media":5241,"comment_status":"open","ping_status":"closed","template":"","meta":[],"product_cat":[83,513],"product_tag":[516,515],"class_list":{"0":"post-5238","1":"product","2":"type-product","3":"status-publish","4":"has-post-thumbnail","6":"product_cat-albumes","7":"product_cat-bebe","8":"product_tag-album","9":"product_tag-bebe","11":"first","12":"instock","13":"taxable","14":"shipping-taxable","15":"purchasable","16":"product-type-simple"},"yoast_head":"<!-- This site is optimized with the Yoast SEO plugin v16.3 - https:\/\/yoast.com\/wordpress\/plugins\/seo\/ -->\n<title>Serie Beb\u00e9 BY MY SIDE UK-277 - FLASH PHOTO IMAGE<\/title>\n<meta name=\"robots\" content=\"index, follow, max-snippet:-1, max-image-preview:large, max-video-preview:-1\" \/>\n<link rel=\"canonical\" href=\"https:\/\/www.flashphoto.es\/?product=serie-bebe-by-my-side-uk-277\" \/>\n<meta property=\"og:locale\" content=\"es_ES\" \/>\n<meta property=\"og:type\" content=\"article\" \/>\n<meta property=\"og:title\" content=\"Serie Beb\u00e9 BY MY SIDE UK-277 - FLASH PHOTO IMAGE\" \/>\n<meta property=\"og:description\" content=\"Formato 28.0 x 30.5  Tiene 50 p\u00e1ginas en blanco.  La introducci\u00f3n ilustrada de 4 p\u00e1ginas.\u00a0  Adem\u00e1s, el \u00e1lbum est\u00e1 equipado con un CD y un archivo de negativos.\" \/>\n<meta property=\"og:url\" content=\"https:\/\/www.flashphoto.es\/?product=serie-bebe-by-my-side-uk-277\" \/>\n<meta property=\"og:site_name\" content=\"FLASH PHOTO IMAGE\" \/>\n<meta property=\"article:publisher\" content=\"https:\/\/www.facebook.com\/fp_flashphoto-100879842053462\" \/>\n<meta property=\"article:modified_time\" content=\"2026-03-17T19:16:03+00:00\" \/>\n<meta property=\"og:image\" content=\"http:\/\/www.flashphoto.es\/wp-content\/uploads\/2021\/03\/Album-UK277-Naranja-Flash-Foto-Bebe.jpg\" \/>\n\t<meta property=\"og:image:width\" content=\"648\" \/>\n\t<meta property=\"og:image:height\" content=\"627\" \/>\n<meta name=\"twitter:card\" content=\"summary_large_image\" \/>\n<script type=\"application\/ld+json\" class=\"yoast-schema-graph\">{\"@context\":\"https:\/\/schema.org\",\"@graph\":[{\"@type\":\"WebSite\",\"@id\":\"https:\/\/www.flashphoto.es\/#website\",\"url\":\"https:\/\/www.flashphoto.es\/\",\"name\":\"FLASH PHOTO IMAGE\",\"description\":\"Decorando momentos inolvidables\",\"potentialAction\":[{\"@type\":\"SearchAction\",\"target\":\"https:\/\/www.flashphoto.es\/?s={search_term_string}\",\"query-input\":\"required name=search_term_string\"}],\"inLanguage\":\"es\"},{\"@type\":\"ImageObject\",\"@id\":\"https:\/\/www.flashphoto.es\/?product=serie-bebe-by-my-side-uk-277#primaryimage\",\"inLanguage\":\"es\",\"url\":\"https:\/\/www.flashphoto.es\/wp-content\/uploads\/2021\/03\/Album-UK277-Naranja-Flash-Foto-Bebe.jpg\",\"contentUrl\":\"https:\/\/www.flashphoto.es\/wp-content\/uploads\/2021\/03\/Album-UK277-Naranja-Flash-Foto-Bebe.jpg\",\"width\":648,\"height\":627},{\"@type\":\"WebPage\",\"@id\":\"https:\/\/www.flashphoto.es\/?product=serie-bebe-by-my-side-uk-277#webpage\",\"url\":\"https:\/\/www.flashphoto.es\/?product=serie-bebe-by-my-side-uk-277\",\"name\":\"Serie Beb\\u00e9 BY MY SIDE UK-277 - FLASH PHOTO IMAGE\",\"isPartOf\":{\"@id\":\"https:\/\/www.flashphoto.es\/#website\"},\"primaryImageOfPage\":{\"@id\":\"https:\/\/www.flashphoto.es\/?product=serie-bebe-by-my-side-uk-277#primaryimage\"},\"datePublished\":\"2021-03-29T19:13:41+00:00\",\"dateModified\":\"2026-03-17T19:16:03+00:00\",\"breadcrumb\":{\"@id\":\"https:\/\/www.flashphoto.es\/?product=serie-bebe-by-my-side-uk-277#breadcrumb\"},\"inLanguage\":\"es\",\"potentialAction\":[{\"@type\":\"ReadAction\",\"target\":[\"https:\/\/www.flashphoto.es\/?product=serie-bebe-by-my-side-uk-277\"]}]},{\"@type\":\"BreadcrumbList\",\"@id\":\"https:\/\/www.flashphoto.es\/?product=serie-bebe-by-my-side-uk-277#breadcrumb\",\"itemListElement\":[{\"@type\":\"ListItem\",\"position\":1,\"item\":{\"@type\":\"WebPage\",\"@id\":\"https:\/\/www.flashphoto.es\/\",\"url\":\"https:\/\/www.flashphoto.es\/\",\"name\":\"Portada\"}},{\"@type\":\"ListItem\",\"position\":2,\"item\":{\"@type\":\"WebPage\",\"@id\":\"https:\/\/www.flashphoto.es\/?post_type=product\",\"url\":\"https:\/\/www.flashphoto.es\/?post_type=product\",\"name\":\"Productos\"}},{\"@type\":\"ListItem\",\"position\":3,\"item\":{\"@id\":\"https:\/\/www.flashphoto.es\/?product=serie-bebe-by-my-side-uk-277#webpage\"}}]}]}<\/script>\n<!-- \/ Yoast SEO plugin. -->","_links":{"self":[{"href":"https:\/\/www.flashphoto.es\/index.php?rest_route=\/wp\/v2\/product\/5238","targetHints":{"allow":["GET"]}}],"collection":[{"href":"https:\/\/www.flashphoto.es\/index.php?rest_route=\/wp\/v2\/product"}],"about":[{"href":"https:\/\/www.flashphoto.es\/index.php?rest_route=\/wp\/v2\/types\/product"}],"replies":[{"embeddable":true,"href":"https:\/\/www.flashphoto.es\/index.php?rest_route=%2Fwp%2Fv2%2Fcomments&post=5238"}],"wp:featuredmedia":[{"embeddable":true,"href":"https:\/\/www.flashphoto.es\/index.php?rest_route=\/wp\/v2\/media\/5241"}],"wp:attachment":[{"href":"https:\/\/www.flashphoto.es\/index.php?rest_route=%2Fwp%2Fv2%2Fmedia&parent=5238"}],"wp:term":[{"taxonomy":"product_cat","embeddable":true,"href":"https:\/\/www.flashphoto.es\/index.php?rest_route=%2Fwp%2Fv2%2Fproduct_cat&post=5238"},{"taxonomy":"product_tag","embeddable":true,"href":"https:\/\/www.flashphoto.es\/index.php?rest_route=%2Fwp%2Fv2%2Fproduct_tag&post=5238"}],"curies":[{"name":"wp","href":"https:\/\/api.w.org\/{rel}","templated":true}]}}