{"id":6318,"date":"2021-04-12T11:44:22","date_gmt":"2021-04-12T11:44:22","guid":{"rendered":"https:\/\/www.flashphoto.es\/?post_type=product&#038;p=6318"},"modified":"2026-03-25T20:34:24","modified_gmt":"2026-03-25T20:34:24","slug":"serie-fiorito-ef","status":"publish","type":"product","link":"https:\/\/www.flashphoto.es\/?product=serie-fiorito-ef","title":{"rendered":"Serie FIORITO EF"},"content":{"rendered":"<ul>\n<li>Estructura de\u00a0madera\u00a0Fioritone\u00a0,\u00a0perfil MDF inclinado en el interior, superficie granulada, laminada, con estera de corte en bisel en varios formatos y colores.<\/li>\n<li>Barra: perfil rectangular de MDF Colores: roble claro, roble oscuro, blanco, nogal, gris oscuro<\/li>\n<li>Vidrio: vidrio incoloro lavado Incrustaci\u00f3n: con alfombrilla cortada en bisel<\/li>\n<li>Pared\u00a0trasera\u00a0: Fibra dura, hasta 20&#215;30 cm con suspensi\u00f3n de pie: Ojales para retrato o suspensi\u00f3n horizontal Cierre: Flexpins<\/li>\n<li>Embalaje: film retr\u00e1ctil, de esquinas protectoras de cart\u00f3n de 20&#215;30 cm con protecci\u00f3n de borde adicional debajo<\/li>\n<\/ul>\n","protected":false},"excerpt":{"rendered":"<ul>\n<li>Perfil de Madera<\/li>\n<li>Madera Jaspeada<\/li>\n<\/ul>\n","protected":false},"featured_media":6323,"comment_status":"open","ping_status":"closed","template":"","meta":[],"product_cat":[159,82],"product_tag":[432,100],"class_list":{"0":"post-6318","1":"product","2":"type-product","3":"status-publish","4":"has-post-thumbnail","6":"product_cat-madera","7":"product_cat-marcos","8":"product_tag-madera","9":"product_tag-marcos","10":"pa_color-ef-blanco-w","11":"pa_color-ef-griso-d","12":"pa_color-ef-haya-e","13":"pa_color-ef-nuez-n","14":"pa_color-ef-roble-p","15":"pa_referencia-ef-ef015","16":"pa_referencia-ef-ef030","17":"pa_referencia-ef-ef040","18":"pa_referencia-ef-1256","19":"pa_referencia-ef-ef050","20":"pa_referencia-ef-ef060","21":"pa_referencia-ef-ef070","22":"pa_referencia-ef-ef080","23":"pa_referencia-ef-ef220","24":"pa_referencia-ef-ef318","25":"pa_referencia-ef-1258","26":"pa_referencia-ef-1255","27":"pa_referencia-ef-1259","28":"pa_referencia-ef-1257","29":"pa_referencia-ef-ef520","30":"pa_referencia-ef-ef824","32":"first","33":"instock","34":"taxable","35":"shipping-taxable","36":"purchasable","37":"product-type-variable"},"yoast_head":"<!-- This site is optimized with the Yoast SEO plugin v16.3 - https:\/\/yoast.com\/wordpress\/plugins\/seo\/ -->\n<title>Serie FIORITO EF - FLASH PHOTO IMAGE<\/title>\n<meta name=\"robots\" content=\"index, follow, max-snippet:-1, max-image-preview:large, max-video-preview:-1\" \/>\n<link rel=\"canonical\" href=\"https:\/\/www.flashphoto.es\/?product=serie-fiorito-ef\" \/>\n<meta property=\"og:locale\" content=\"es_ES\" \/>\n<meta property=\"og:type\" content=\"article\" \/>\n<meta property=\"og:title\" content=\"Serie FIORITO EF - FLASH PHOTO IMAGE\" \/>\n<meta property=\"og:description\" content=\"Perfil de Madera  Madera Jaspeada\" \/>\n<meta property=\"og:url\" content=\"https:\/\/www.flashphoto.es\/?product=serie-fiorito-ef\" \/>\n<meta property=\"og:site_name\" content=\"FLASH PHOTO IMAGE\" \/>\n<meta property=\"article:publisher\" content=\"https:\/\/www.facebook.com\/fp_flashphoto-100879842053462\" \/>\n<meta property=\"article:modified_time\" content=\"2026-03-25T20:34:24+00:00\" \/>\n<meta property=\"og:image\" content=\"http:\/\/www.flashphoto.es\/wp-content\/uploads\/2021\/04\/Serie-Fiorito-Blanco-1.jpg\" \/>\n\t<meta property=\"og:image:width\" content=\"1200\" \/>\n\t<meta property=\"og:image:height\" content=\"1200\" \/>\n<meta name=\"twitter:card\" content=\"summary_large_image\" \/>\n<script type=\"application\/ld+json\" class=\"yoast-schema-graph\">{\"@context\":\"https:\/\/schema.org\",\"@graph\":[{\"@type\":\"WebSite\",\"@id\":\"https:\/\/www.flashphoto.es\/#website\",\"url\":\"https:\/\/www.flashphoto.es\/\",\"name\":\"FLASH PHOTO IMAGE\",\"description\":\"Decorando momentos inolvidables\",\"potentialAction\":[{\"@type\":\"SearchAction\",\"target\":\"https:\/\/www.flashphoto.es\/?s={search_term_string}\",\"query-input\":\"required name=search_term_string\"}],\"inLanguage\":\"es\"},{\"@type\":\"ImageObject\",\"@id\":\"https:\/\/www.flashphoto.es\/?product=serie-fiorito-ef#primaryimage\",\"inLanguage\":\"es\",\"url\":\"https:\/\/www.flashphoto.es\/wp-content\/uploads\/2021\/04\/Serie-Fiorito-Blanco-1.jpg\",\"contentUrl\":\"https:\/\/www.flashphoto.es\/wp-content\/uploads\/2021\/04\/Serie-Fiorito-Blanco-1.jpg\",\"width\":1200,\"height\":1200},{\"@type\":\"WebPage\",\"@id\":\"https:\/\/www.flashphoto.es\/?product=serie-fiorito-ef#webpage\",\"url\":\"https:\/\/www.flashphoto.es\/?product=serie-fiorito-ef\",\"name\":\"Serie FIORITO EF - FLASH PHOTO IMAGE\",\"isPartOf\":{\"@id\":\"https:\/\/www.flashphoto.es\/#website\"},\"primaryImageOfPage\":{\"@id\":\"https:\/\/www.flashphoto.es\/?product=serie-fiorito-ef#primaryimage\"},\"datePublished\":\"2021-04-12T11:44:22+00:00\",\"dateModified\":\"2026-03-25T20:34:24+00:00\",\"breadcrumb\":{\"@id\":\"https:\/\/www.flashphoto.es\/?product=serie-fiorito-ef#breadcrumb\"},\"inLanguage\":\"es\",\"potentialAction\":[{\"@type\":\"ReadAction\",\"target\":[\"https:\/\/www.flashphoto.es\/?product=serie-fiorito-ef\"]}]},{\"@type\":\"BreadcrumbList\",\"@id\":\"https:\/\/www.flashphoto.es\/?product=serie-fiorito-ef#breadcrumb\",\"itemListElement\":[{\"@type\":\"ListItem\",\"position\":1,\"item\":{\"@type\":\"WebPage\",\"@id\":\"https:\/\/www.flashphoto.es\/\",\"url\":\"https:\/\/www.flashphoto.es\/\",\"name\":\"Portada\"}},{\"@type\":\"ListItem\",\"position\":2,\"item\":{\"@type\":\"WebPage\",\"@id\":\"https:\/\/www.flashphoto.es\/?post_type=product\",\"url\":\"https:\/\/www.flashphoto.es\/?post_type=product\",\"name\":\"Productos\"}},{\"@type\":\"ListItem\",\"position\":3,\"item\":{\"@id\":\"https:\/\/www.flashphoto.es\/?product=serie-fiorito-ef#webpage\"}}]}]}<\/script>\n<!-- \/ Yoast SEO plugin. -->","_links":{"self":[{"href":"https:\/\/www.flashphoto.es\/index.php?rest_route=\/wp\/v2\/product\/6318","targetHints":{"allow":["GET"]}}],"collection":[{"href":"https:\/\/www.flashphoto.es\/index.php?rest_route=\/wp\/v2\/product"}],"about":[{"href":"https:\/\/www.flashphoto.es\/index.php?rest_route=\/wp\/v2\/types\/product"}],"replies":[{"embeddable":true,"href":"https:\/\/www.flashphoto.es\/index.php?rest_route=%2Fwp%2Fv2%2Fcomments&post=6318"}],"wp:featuredmedia":[{"embeddable":true,"href":"https:\/\/www.flashphoto.es\/index.php?rest_route=\/wp\/v2\/media\/6323"}],"wp:attachment":[{"href":"https:\/\/www.flashphoto.es\/index.php?rest_route=%2Fwp%2Fv2%2Fmedia&parent=6318"}],"wp:term":[{"taxonomy":"product_cat","embeddable":true,"href":"https:\/\/www.flashphoto.es\/index.php?rest_route=%2Fwp%2Fv2%2Fproduct_cat&post=6318"},{"taxonomy":"product_tag","embeddable":true,"href":"https:\/\/www.flashphoto.es\/index.php?rest_route=%2Fwp%2Fv2%2Fproduct_tag&post=6318"}],"curies":[{"name":"wp","href":"https:\/\/api.w.org\/{rel}","templated":true}]}}