{"id":6395,"date":"2021-04-12T21:08:29","date_gmt":"2021-04-12T21:08:29","guid":{"rendered":"https:\/\/www.flashphoto.es\/?post_type=product&#038;p=6395"},"modified":"2026-03-24T20:04:22","modified_gmt":"2026-03-24T20:04:22","slug":"serie-stockholm-ea","status":"publish","type":"product","link":"https:\/\/www.flashphoto.es\/?product=serie-stockholm-ea","title":{"rendered":"Serie STOCKHOLM EA"},"content":{"rendered":"<ul>\n<li>Marco de madera\u00a0Stockholm<\/li>\n<li>Perfil de bloque de madera texturizada, con estera de corte en bisel en varios formatos y colores.<\/li>\n<li>Barra: perfil de bloque de madera.<\/li>\n<li>Vidrio: vidrio transparente lavado Incrustaci\u00f3n: con montaje en bisel.<\/li>\n<li>Pared trasera : MDF, hasta 20&#215;30 cm con suspensi\u00f3n de pie: Ojales para retrato y suspensi\u00f3n horizontal.<\/li>\n<li>Cierre: clip giratorio Embalaje: Film retr\u00e1ctil, de esquinas protectoras de cart\u00f3n de 20&#215;30 cm con protecci\u00f3n de borde adicional en la parte inferior<\/li>\n<\/ul>\n","protected":false},"excerpt":{"rendered":"<ul class=\"a-unordered-list a-vertical a-spacing-mini\">\n<li><span class=\"a-list-item\">Perfil de madera veteada<\/span><\/li>\n<li><span class=\"a-list-item\">Con paspart\u00fa biselado<\/span><\/li>\n<li><span class=\"a-list-item\">Hasta 20 x 30 cm con soporte<\/span><\/li>\n<li><span class=\"a-list-item\">Colgado en formato vertical y horizontal<\/span><\/li>\n<\/ul>\n","protected":false},"featured_media":6402,"comment_status":"open","ping_status":"closed","template":"","meta":[],"product_cat":[159,82,1050],"product_tag":[432,100],"class_list":{"0":"post-6395","1":"product","2":"type-product","3":"status-publish","4":"has-post-thumbnail","6":"product_cat-madera","7":"product_cat-marcos","8":"product_cat-multi-marcos","9":"product_tag-madera","10":"product_tag-marcos","11":"pa_color-ea-blanco-w","12":"pa_color-ea-gris-d","13":"pa_color-ea-haya-p","14":"pa_color-ea-natural-h","15":"pa_color-ea-negro-b","16":"pa_color-ea-nuez-n","17":"pa_referencia-ea-ea015","18":"pa_referencia-ea-ea030","19":"pa_referencia-ea-ea040","20":"pa_referencia-ea-ea045","21":"pa_referencia-ea-ea050","22":"pa_referencia-ea-ea070","23":"pa_referencia-ea-ea080","24":"pa_referencia-ea-ea100","25":"pa_referencia-ea-ea222","26":"pa_referencia-ea-1253","27":"pa_referencia-ea-ea318","28":"pa_referencia-ea-ea330","29":"pa_referencia-ea-ea333","30":"pa_referencia-ea-ea339","31":"pa_referencia-ea-ea411","32":"pa_referencia-ea-ea444","33":"pa_referencia-ea-1254","34":"pa_referencia-ea-ea460","35":"pa_referencia-ea-ea520","37":"first","38":"instock","39":"taxable","40":"shipping-taxable","41":"purchasable","42":"product-type-variable"},"yoast_head":"<!-- This site is optimized with the Yoast SEO plugin v16.3 - https:\/\/yoast.com\/wordpress\/plugins\/seo\/ -->\n<title>Serie STOCKHOLM EA - FLASH PHOTO IMAGE<\/title>\n<meta name=\"description\" content=\"Marco Stockhom de alta calidad en madera. Ideal para decoraciones vanguardistas y con un estilo atrevido.\" \/>\n<meta name=\"robots\" content=\"index, follow, max-snippet:-1, max-image-preview:large, max-video-preview:-1\" \/>\n<link rel=\"canonical\" href=\"https:\/\/www.flashphoto.es\/?product=serie-stockholm-ea\" \/>\n<meta property=\"og:locale\" content=\"es_ES\" \/>\n<meta property=\"og:type\" content=\"article\" \/>\n<meta property=\"og:title\" content=\"Serie STOCKHOLM EA - FLASH PHOTO IMAGE\" \/>\n<meta property=\"og:description\" content=\"Marco Stockhom de alta calidad en madera. Ideal para decoraciones vanguardistas y con un estilo atrevido.\" \/>\n<meta property=\"og:url\" content=\"https:\/\/www.flashphoto.es\/?product=serie-stockholm-ea\" \/>\n<meta property=\"og:site_name\" content=\"FLASH PHOTO IMAGE\" \/>\n<meta property=\"article:publisher\" content=\"https:\/\/www.facebook.com\/fp_flashphoto-100879842053462\" \/>\n<meta property=\"article:modified_time\" content=\"2026-03-24T20:04:22+00:00\" \/>\n<meta property=\"og:image\" content=\"http:\/\/www.flashphoto.es\/wp-content\/uploads\/2021\/04\/Serie-Stockholm-Natural.jpg\" \/>\n\t<meta property=\"og:image:width\" content=\"1200\" \/>\n\t<meta property=\"og:image:height\" content=\"1200\" \/>\n<meta name=\"twitter:card\" content=\"summary_large_image\" \/>\n<script type=\"application\/ld+json\" class=\"yoast-schema-graph\">{\"@context\":\"https:\/\/schema.org\",\"@graph\":[{\"@type\":\"WebSite\",\"@id\":\"https:\/\/www.flashphoto.es\/#website\",\"url\":\"https:\/\/www.flashphoto.es\/\",\"name\":\"FLASH PHOTO IMAGE\",\"description\":\"Decorando momentos inolvidables\",\"potentialAction\":[{\"@type\":\"SearchAction\",\"target\":\"https:\/\/www.flashphoto.es\/?s={search_term_string}\",\"query-input\":\"required name=search_term_string\"}],\"inLanguage\":\"es\"},{\"@type\":\"ImageObject\",\"@id\":\"https:\/\/www.flashphoto.es\/?product=serie-stockholm-ea#primaryimage\",\"inLanguage\":\"es\",\"url\":\"https:\/\/www.flashphoto.es\/wp-content\/uploads\/2021\/04\/Serie-Stockholm-Natural.jpg\",\"contentUrl\":\"https:\/\/www.flashphoto.es\/wp-content\/uploads\/2021\/04\/Serie-Stockholm-Natural.jpg\",\"width\":1200,\"height\":1200},{\"@type\":\"WebPage\",\"@id\":\"https:\/\/www.flashphoto.es\/?product=serie-stockholm-ea#webpage\",\"url\":\"https:\/\/www.flashphoto.es\/?product=serie-stockholm-ea\",\"name\":\"Serie STOCKHOLM EA - FLASH PHOTO IMAGE\",\"isPartOf\":{\"@id\":\"https:\/\/www.flashphoto.es\/#website\"},\"primaryImageOfPage\":{\"@id\":\"https:\/\/www.flashphoto.es\/?product=serie-stockholm-ea#primaryimage\"},\"datePublished\":\"2021-04-12T21:08:29+00:00\",\"dateModified\":\"2026-03-24T20:04:22+00:00\",\"description\":\"Marco Stockhom de alta calidad en madera. Ideal para decoraciones vanguardistas y con un estilo atrevido.\",\"breadcrumb\":{\"@id\":\"https:\/\/www.flashphoto.es\/?product=serie-stockholm-ea#breadcrumb\"},\"inLanguage\":\"es\",\"potentialAction\":[{\"@type\":\"ReadAction\",\"target\":[\"https:\/\/www.flashphoto.es\/?product=serie-stockholm-ea\"]}]},{\"@type\":\"BreadcrumbList\",\"@id\":\"https:\/\/www.flashphoto.es\/?product=serie-stockholm-ea#breadcrumb\",\"itemListElement\":[{\"@type\":\"ListItem\",\"position\":1,\"item\":{\"@type\":\"WebPage\",\"@id\":\"https:\/\/www.flashphoto.es\/\",\"url\":\"https:\/\/www.flashphoto.es\/\",\"name\":\"Portada\"}},{\"@type\":\"ListItem\",\"position\":2,\"item\":{\"@type\":\"WebPage\",\"@id\":\"https:\/\/www.flashphoto.es\/?post_type=product\",\"url\":\"https:\/\/www.flashphoto.es\/?post_type=product\",\"name\":\"Productos\"}},{\"@type\":\"ListItem\",\"position\":3,\"item\":{\"@id\":\"https:\/\/www.flashphoto.es\/?product=serie-stockholm-ea#webpage\"}}]}]}<\/script>\n<!-- \/ Yoast SEO plugin. -->","_links":{"self":[{"href":"https:\/\/www.flashphoto.es\/index.php?rest_route=\/wp\/v2\/product\/6395","targetHints":{"allow":["GET"]}}],"collection":[{"href":"https:\/\/www.flashphoto.es\/index.php?rest_route=\/wp\/v2\/product"}],"about":[{"href":"https:\/\/www.flashphoto.es\/index.php?rest_route=\/wp\/v2\/types\/product"}],"replies":[{"embeddable":true,"href":"https:\/\/www.flashphoto.es\/index.php?rest_route=%2Fwp%2Fv2%2Fcomments&post=6395"}],"wp:featuredmedia":[{"embeddable":true,"href":"https:\/\/www.flashphoto.es\/index.php?rest_route=\/wp\/v2\/media\/6402"}],"wp:attachment":[{"href":"https:\/\/www.flashphoto.es\/index.php?rest_route=%2Fwp%2Fv2%2Fmedia&parent=6395"}],"wp:term":[{"taxonomy":"product_cat","embeddable":true,"href":"https:\/\/www.flashphoto.es\/index.php?rest_route=%2Fwp%2Fv2%2Fproduct_cat&post=6395"},{"taxonomy":"product_tag","embeddable":true,"href":"https:\/\/www.flashphoto.es\/index.php?rest_route=%2Fwp%2Fv2%2Fproduct_tag&post=6395"}],"curies":[{"name":"wp","href":"https:\/\/api.w.org\/{rel}","templated":true}]}}