{"id":6643,"date":"2021-04-13T16:52:15","date_gmt":"2021-04-13T16:52:15","guid":{"rendered":"https:\/\/www.flashphoto.es\/?post_type=product&#038;p=6643"},"modified":"2026-03-24T17:58:05","modified_gmt":"2026-03-24T17:58:05","slug":"serie-chair-aj","status":"publish","type":"product","link":"https:\/\/www.flashphoto.es\/?product=serie-chair-aj","title":{"rendered":"Serie CHAIR AJ"},"content":{"rendered":"<ul>\n<li>Marco con estructura de aluminio<br \/>\nPerfil de bloque estrecho con una superficie cepillada mate totalmente anodizada en muchos formatos est\u00e1ndar, formatos cuadrados y cinco colores.<\/li>\n<li>Los formatos cuadrados est\u00e1n equipados con un paspart\u00fa de corte en bisel real.<\/li>\n<li>Tira: perfil de bloque, paspart\u00fa de corte en bisel adecuado Colores: negro, acero, oro, plata, blanco<br \/>\nVidrio: vidrio transparente lavado Inserci\u00f3n: perforado, blanco<\/li>\n<li>Panel trasero: MDF, arriba hasta 21 x 29,7 cm con suspensi\u00f3n de pantalla: ojales de suspensi\u00f3n para formato horizontal y vertical, desde 40&#215;50 cm con suspensi\u00f3n de galer\u00eda<\/li>\n<li>Cierre: clips en V \/ clips giratorios<\/li>\n<li>Embalaje: film retr\u00e1ctil, esquinas protectoras de cart\u00f3n de 20&#215;30 cm con protecci\u00f3n adicional de los bordes en la parte inferior<\/li>\n<\/ul>\n","protected":false},"excerpt":{"rendered":"<ul>\n<li>Perfil de Aluminio<\/li>\n<li>Alto Valor<\/li>\n<li><span class=\"a-list-item\">Aspecto mate<\/span><\/li>\n<li><span class=\"a-list-item\">Adecuado para un paspart\u00fa<\/span><\/li>\n<li><span class=\"a-list-item\">Con galer\u00eda suspensi\u00f3n de 40&#215;50 cm<\/span><\/li>\n<li><span class=\"a-list-item\">Con el soporte hasta el tama\u00f1o 20 x 30 cms<\/span>\n<div id=\"hqpWrapper\" class=\"centerColAlign centerColAlign-bbcxoverride\"><\/div>\n<\/li>\n<\/ul>\n","protected":false},"featured_media":6645,"comment_status":"open","ping_status":"closed","template":"","meta":[],"product_cat":[160,82,396],"product_tag":[349,100],"class_list":{"0":"post-6643","1":"product","2":"type-product","3":"status-publish","4":"has-post-thumbnail","6":"product_cat-aluminio","7":"product_cat-marcos","8":"product_cat-metal","9":"product_tag-aluminio","10":"product_tag-marcos","11":"pa_color-aj-gris-d","12":"pa_color-aj-negro-b","13":"pa_color-aj-oro-g","14":"pa_color-aj-plata-s","15":"pa_referencia-aj-aj015","16":"pa_referencia-aj-aj030","17":"pa_referencia-aj-aj040","18":"pa_referencia-aj-1250","19":"pa_referencia-aj-aj050","20":"pa_referencia-aj-aj060","21":"pa_referencia-aj-aj070","22":"pa_referencia-aj-aj080","23":"pa_referencia-aj-aj100","24":"pa_referencia-aj-aj130","25":"pa_referencia-aj-aj318","26":"pa_referencia-aj-aj342","27":"pa_referencia-aj-1251","28":"pa_referencia-aj-aj460","29":"pa_referencia-aj-aj520","30":"pa_referencia-aj-aj684","31":"pa_referencia-aj-aj824","33":"first","34":"instock","35":"taxable","36":"shipping-taxable","37":"purchasable","38":"product-type-variable"},"yoast_head":"<!-- This site is optimized with the Yoast SEO plugin v16.3 - https:\/\/yoast.com\/wordpress\/plugins\/seo\/ -->\n<title>Serie CHAIR AJ - FLASH PHOTO IMAGE<\/title>\n<meta name=\"robots\" content=\"index, follow, max-snippet:-1, max-image-preview:large, max-video-preview:-1\" \/>\n<link rel=\"canonical\" href=\"https:\/\/www.flashphoto.es\/?product=serie-chair-aj\" \/>\n<meta property=\"og:locale\" content=\"es_ES\" \/>\n<meta property=\"og:type\" content=\"article\" \/>\n<meta property=\"og:title\" content=\"Serie CHAIR AJ - FLASH PHOTO IMAGE\" \/>\n<meta property=\"og:description\" content=\"Perfil de Aluminio  Alto Valor  Aspecto mate  Adecuado para un paspart\u00fa  Con galer\u00eda suspensi\u00f3n de 40x50 cm  Con el soporte hasta el tama\u00f1o 20 x 30 cms\" \/>\n<meta property=\"og:url\" content=\"https:\/\/www.flashphoto.es\/?product=serie-chair-aj\" \/>\n<meta property=\"og:site_name\" content=\"FLASH PHOTO IMAGE\" \/>\n<meta property=\"article:publisher\" content=\"https:\/\/www.facebook.com\/fp_flashphoto-100879842053462\" \/>\n<meta property=\"article:modified_time\" content=\"2026-03-24T17:58:05+00:00\" \/>\n<meta property=\"og:image\" content=\"http:\/\/www.flashphoto.es\/wp-content\/uploads\/2021\/04\/Serie-Chair-NEgro.jpg\" \/>\n\t<meta property=\"og:image:width\" content=\"1200\" \/>\n\t<meta property=\"og:image:height\" content=\"1200\" \/>\n<meta name=\"twitter:card\" content=\"summary_large_image\" \/>\n<meta name=\"twitter:label1\" content=\"Tiempo de lectura\">\n\t<meta name=\"twitter:data1\" content=\"1 minuto\">\n<script type=\"application\/ld+json\" class=\"yoast-schema-graph\">{\"@context\":\"https:\/\/schema.org\",\"@graph\":[{\"@type\":\"WebSite\",\"@id\":\"https:\/\/www.flashphoto.es\/#website\",\"url\":\"https:\/\/www.flashphoto.es\/\",\"name\":\"FLASH PHOTO IMAGE\",\"description\":\"Decorando momentos inolvidables\",\"potentialAction\":[{\"@type\":\"SearchAction\",\"target\":\"https:\/\/www.flashphoto.es\/?s={search_term_string}\",\"query-input\":\"required name=search_term_string\"}],\"inLanguage\":\"es\"},{\"@type\":\"ImageObject\",\"@id\":\"https:\/\/www.flashphoto.es\/?product=serie-chair-aj#primaryimage\",\"inLanguage\":\"es\",\"url\":\"https:\/\/www.flashphoto.es\/wp-content\/uploads\/2021\/04\/Serie-Chair-NEgro.jpg\",\"contentUrl\":\"https:\/\/www.flashphoto.es\/wp-content\/uploads\/2021\/04\/Serie-Chair-NEgro.jpg\",\"width\":1200,\"height\":1200,\"caption\":\"AJ060\"},{\"@type\":\"WebPage\",\"@id\":\"https:\/\/www.flashphoto.es\/?product=serie-chair-aj#webpage\",\"url\":\"https:\/\/www.flashphoto.es\/?product=serie-chair-aj\",\"name\":\"Serie CHAIR AJ - FLASH PHOTO IMAGE\",\"isPartOf\":{\"@id\":\"https:\/\/www.flashphoto.es\/#website\"},\"primaryImageOfPage\":{\"@id\":\"https:\/\/www.flashphoto.es\/?product=serie-chair-aj#primaryimage\"},\"datePublished\":\"2021-04-13T16:52:15+00:00\",\"dateModified\":\"2026-03-24T17:58:05+00:00\",\"breadcrumb\":{\"@id\":\"https:\/\/www.flashphoto.es\/?product=serie-chair-aj#breadcrumb\"},\"inLanguage\":\"es\",\"potentialAction\":[{\"@type\":\"ReadAction\",\"target\":[\"https:\/\/www.flashphoto.es\/?product=serie-chair-aj\"]}]},{\"@type\":\"BreadcrumbList\",\"@id\":\"https:\/\/www.flashphoto.es\/?product=serie-chair-aj#breadcrumb\",\"itemListElement\":[{\"@type\":\"ListItem\",\"position\":1,\"item\":{\"@type\":\"WebPage\",\"@id\":\"https:\/\/www.flashphoto.es\/\",\"url\":\"https:\/\/www.flashphoto.es\/\",\"name\":\"Portada\"}},{\"@type\":\"ListItem\",\"position\":2,\"item\":{\"@type\":\"WebPage\",\"@id\":\"https:\/\/www.flashphoto.es\/?post_type=product\",\"url\":\"https:\/\/www.flashphoto.es\/?post_type=product\",\"name\":\"Productos\"}},{\"@type\":\"ListItem\",\"position\":3,\"item\":{\"@id\":\"https:\/\/www.flashphoto.es\/?product=serie-chair-aj#webpage\"}}]}]}<\/script>\n<!-- \/ Yoast SEO plugin. -->","_links":{"self":[{"href":"https:\/\/www.flashphoto.es\/index.php?rest_route=\/wp\/v2\/product\/6643","targetHints":{"allow":["GET"]}}],"collection":[{"href":"https:\/\/www.flashphoto.es\/index.php?rest_route=\/wp\/v2\/product"}],"about":[{"href":"https:\/\/www.flashphoto.es\/index.php?rest_route=\/wp\/v2\/types\/product"}],"replies":[{"embeddable":true,"href":"https:\/\/www.flashphoto.es\/index.php?rest_route=%2Fwp%2Fv2%2Fcomments&post=6643"}],"wp:featuredmedia":[{"embeddable":true,"href":"https:\/\/www.flashphoto.es\/index.php?rest_route=\/wp\/v2\/media\/6645"}],"wp:attachment":[{"href":"https:\/\/www.flashphoto.es\/index.php?rest_route=%2Fwp%2Fv2%2Fmedia&parent=6643"}],"wp:term":[{"taxonomy":"product_cat","embeddable":true,"href":"https:\/\/www.flashphoto.es\/index.php?rest_route=%2Fwp%2Fv2%2Fproduct_cat&post=6643"},{"taxonomy":"product_tag","embeddable":true,"href":"https:\/\/www.flashphoto.es\/index.php?rest_route=%2Fwp%2Fv2%2Fproduct_tag&post=6643"}],"curies":[{"name":"wp","href":"https:\/\/api.w.org\/{rel}","templated":true}]}}