{"id":6722,"date":"2021-04-13T20:26:03","date_gmt":"2021-04-13T20:26:03","guid":{"rendered":"https:\/\/www.flashphoto.es\/?post_type=product&#038;p=6722"},"modified":"2026-03-24T18:04:35","modified_gmt":"2026-03-24T18:04:35","slug":"serie-aluline-al","status":"publish","type":"product","link":"https:\/\/www.flashphoto.es\/?product=serie-aluline-al","title":{"rendered":"Serie ALULINE AL"},"content":{"rendered":"<ul>\n<li>Marco de aluminio de alta Calidad.<\/li>\n<li>Perfil de aluminio rectangular Aluline con superficie mate cepillada; con list\u00f3n de\u00a0alfombrilla de corte diagonal\u00a0: perfil plano de aluminio<br \/>\nvidrio: vidrio transparente, paspart\u00fa lavado: tapete de corte diagonal<\/li>\n<li>Pared trasera: tableros duros, hasta 20&#215;30 cm con suspensi\u00f3n vertical: ojales para suspensi\u00f3n en formato vertical y horizontal desde 30&#215;40 cm<\/li>\n<li>Cierre con 2 colgadores jumbo: Cierre con clip giratorio<\/li>\n<li>Embalaje: L\u00e1mina encogida, esquinas protectoras de cart\u00f3n de 20&#215;30 cm con protecci\u00f3n adicional en los bordes en la parte inferior<\/li>\n<\/ul>\n","protected":false},"excerpt":{"rendered":"<ul>\n<li>Marco Aluminio<\/li>\n<li>Formato de Alta Calidad<\/li>\n<li>Aspecto Jaspeado<\/li>\n<\/ul>\n","protected":false},"featured_media":6723,"comment_status":"open","ping_status":"closed","template":"","meta":[],"product_cat":[160,82,396],"product_tag":[349,100],"class_list":{"0":"post-6722","1":"product","2":"type-product","3":"status-publish","4":"has-post-thumbnail","6":"product_cat-aluminio","7":"product_cat-marcos","8":"product_cat-metal","9":"product_tag-aluminio","10":"product_tag-marcos","11":"pa_color-al-acero-d","12":"pa_color-al-plata-s","13":"pa_referencia-al-al030","14":"pa_referencia-al-al040","15":"pa_referencia-al-al045","16":"pa_referencia-al-al050","17":"pa_referencia-al-al070","18":"pa_referencia-al-al130","19":"pa_referencia-al-al318","20":"pa_referencia-al-al460","21":"pa_referencia-al-al520","23":"first","24":"instock","25":"taxable","26":"shipping-taxable","27":"purchasable","28":"product-type-variable"},"yoast_head":"<!-- This site is optimized with the Yoast SEO plugin v16.3 - https:\/\/yoast.com\/wordpress\/plugins\/seo\/ -->\n<title>Serie ALULINE AL - FLASH PHOTO IMAGE<\/title>\n<meta name=\"robots\" content=\"index, follow, max-snippet:-1, max-image-preview:large, max-video-preview:-1\" \/>\n<link rel=\"canonical\" href=\"https:\/\/www.flashphoto.es\/?product=serie-aluline-al\" \/>\n<meta property=\"og:locale\" content=\"es_ES\" \/>\n<meta property=\"og:type\" content=\"article\" \/>\n<meta property=\"og:title\" content=\"Serie ALULINE AL - FLASH PHOTO IMAGE\" \/>\n<meta property=\"og:description\" content=\"Marco Aluminio  Formato de Alta Calidad  Aspecto Jaspeado\" \/>\n<meta property=\"og:url\" content=\"https:\/\/www.flashphoto.es\/?product=serie-aluline-al\" \/>\n<meta property=\"og:site_name\" content=\"FLASH PHOTO IMAGE\" \/>\n<meta property=\"article:publisher\" content=\"https:\/\/www.facebook.com\/fp_flashphoto-100879842053462\" \/>\n<meta property=\"article:modified_time\" content=\"2026-03-24T18:04:35+00:00\" \/>\n<meta property=\"og:image\" content=\"http:\/\/www.flashphoto.es\/wp-content\/uploads\/2021\/04\/Serie-Aluline-Acero.jpg\" \/>\n\t<meta property=\"og:image:width\" content=\"1200\" \/>\n\t<meta property=\"og:image:height\" content=\"1200\" \/>\n<meta name=\"twitter:card\" content=\"summary_large_image\" \/>\n<script type=\"application\/ld+json\" class=\"yoast-schema-graph\">{\"@context\":\"https:\/\/schema.org\",\"@graph\":[{\"@type\":\"WebSite\",\"@id\":\"https:\/\/www.flashphoto.es\/#website\",\"url\":\"https:\/\/www.flashphoto.es\/\",\"name\":\"FLASH PHOTO IMAGE\",\"description\":\"Decorando momentos inolvidables\",\"potentialAction\":[{\"@type\":\"SearchAction\",\"target\":\"https:\/\/www.flashphoto.es\/?s={search_term_string}\",\"query-input\":\"required name=search_term_string\"}],\"inLanguage\":\"es\"},{\"@type\":\"ImageObject\",\"@id\":\"https:\/\/www.flashphoto.es\/?product=serie-aluline-al#primaryimage\",\"inLanguage\":\"es\",\"url\":\"https:\/\/www.flashphoto.es\/wp-content\/uploads\/2021\/04\/Serie-Aluline-Acero.jpg\",\"contentUrl\":\"https:\/\/www.flashphoto.es\/wp-content\/uploads\/2021\/04\/Serie-Aluline-Acero.jpg\",\"width\":1200,\"height\":1200},{\"@type\":\"WebPage\",\"@id\":\"https:\/\/www.flashphoto.es\/?product=serie-aluline-al#webpage\",\"url\":\"https:\/\/www.flashphoto.es\/?product=serie-aluline-al\",\"name\":\"Serie ALULINE AL - FLASH PHOTO IMAGE\",\"isPartOf\":{\"@id\":\"https:\/\/www.flashphoto.es\/#website\"},\"primaryImageOfPage\":{\"@id\":\"https:\/\/www.flashphoto.es\/?product=serie-aluline-al#primaryimage\"},\"datePublished\":\"2021-04-13T20:26:03+00:00\",\"dateModified\":\"2026-03-24T18:04:35+00:00\",\"breadcrumb\":{\"@id\":\"https:\/\/www.flashphoto.es\/?product=serie-aluline-al#breadcrumb\"},\"inLanguage\":\"es\",\"potentialAction\":[{\"@type\":\"ReadAction\",\"target\":[\"https:\/\/www.flashphoto.es\/?product=serie-aluline-al\"]}]},{\"@type\":\"BreadcrumbList\",\"@id\":\"https:\/\/www.flashphoto.es\/?product=serie-aluline-al#breadcrumb\",\"itemListElement\":[{\"@type\":\"ListItem\",\"position\":1,\"item\":{\"@type\":\"WebPage\",\"@id\":\"https:\/\/www.flashphoto.es\/\",\"url\":\"https:\/\/www.flashphoto.es\/\",\"name\":\"Portada\"}},{\"@type\":\"ListItem\",\"position\":2,\"item\":{\"@type\":\"WebPage\",\"@id\":\"https:\/\/www.flashphoto.es\/?post_type=product\",\"url\":\"https:\/\/www.flashphoto.es\/?post_type=product\",\"name\":\"Productos\"}},{\"@type\":\"ListItem\",\"position\":3,\"item\":{\"@id\":\"https:\/\/www.flashphoto.es\/?product=serie-aluline-al#webpage\"}}]}]}<\/script>\n<!-- \/ Yoast SEO plugin. -->","_links":{"self":[{"href":"https:\/\/www.flashphoto.es\/index.php?rest_route=\/wp\/v2\/product\/6722","targetHints":{"allow":["GET"]}}],"collection":[{"href":"https:\/\/www.flashphoto.es\/index.php?rest_route=\/wp\/v2\/product"}],"about":[{"href":"https:\/\/www.flashphoto.es\/index.php?rest_route=\/wp\/v2\/types\/product"}],"replies":[{"embeddable":true,"href":"https:\/\/www.flashphoto.es\/index.php?rest_route=%2Fwp%2Fv2%2Fcomments&post=6722"}],"wp:featuredmedia":[{"embeddable":true,"href":"https:\/\/www.flashphoto.es\/index.php?rest_route=\/wp\/v2\/media\/6723"}],"wp:attachment":[{"href":"https:\/\/www.flashphoto.es\/index.php?rest_route=%2Fwp%2Fv2%2Fmedia&parent=6722"}],"wp:term":[{"taxonomy":"product_cat","embeddable":true,"href":"https:\/\/www.flashphoto.es\/index.php?rest_route=%2Fwp%2Fv2%2Fproduct_cat&post=6722"},{"taxonomy":"product_tag","embeddable":true,"href":"https:\/\/www.flashphoto.es\/index.php?rest_route=%2Fwp%2Fv2%2Fproduct_tag&post=6722"}],"curies":[{"name":"wp","href":"https:\/\/api.w.org\/{rel}","templated":true}]}}