{"id":8097,"date":"2021-04-21T08:29:30","date_gmt":"2021-04-21T08:29:30","guid":{"rendered":"https:\/\/www.flashphoto.es\/?post_type=product&#038;p=8097"},"modified":"2026-03-24T19:24:29","modified_gmt":"2026-03-24T19:24:29","slug":"serie-barcock-cr","status":"publish","type":"product","link":"https:\/\/www.flashphoto.es\/?product=serie-barcock-cr","title":{"rendered":"Serie BAROCK CR"},"content":{"rendered":"<ul>\n<li>Marco de madera<\/li>\n<li>List\u00f3n de adorno barroco, perfil ranurado m\u00faltiple, con superficie en relieve<\/li>\n<li>List\u00f3n: perfil ranurado m\u00faltiple con relieve<\/li>\n<li>Vidrio: vidrio transparente lavado Passepartout: Estera biselada Pared trasera: Fibra dura, hasta 20&#215;30 cm con soporte<\/li>\n<li>Cierre: clip giratorio<\/li>\n<li>Embalaje: film retr\u00e1ctil, de esquinas de cart\u00f3n protector de 20&#215;30 cm con protecci\u00f3n de borde adicional en la parte inferior<\/li>\n<\/ul>\n","protected":false},"excerpt":{"rendered":"<ul class=\"a-unordered-list a-vertical a-spacing-mini\">\n<li><span class=\"a-list-item\">Marco de madera de alta calidad con adornos<\/span><\/li>\n<li><span class=\"a-list-item\">Formato hasta 20&#215;30 cm con soporte<\/span><\/li>\n<li><span class=\"a-list-item\">Con superficie en relieve<\/span><\/li>\n<\/ul>\n","protected":false},"featured_media":8098,"comment_status":"open","ping_status":"closed","template":"","meta":[],"product_cat":[159,82],"product_tag":[432,193],"class_list":{"0":"post-8097","1":"product","2":"type-product","3":"status-publish","4":"has-post-thumbnail","6":"product_cat-madera","7":"product_cat-marcos","8":"product_tag-madera","9":"product_tag-marco","10":"pa_color-cr-antracita-d","11":"pa_color-cr-blanco-w","12":"pa_color-cr-negro-b","13":"pa_color-cr-oro-g","14":"pa_referencia-cr-cr030","15":"pa_referencia-cr-cr040","16":"pa_referencia-cr-cr050","17":"pa_referencia-cr-cr070","18":"pa_referencia-cr-cr318","19":"pa_referencia-cr-cr520","21":"first","22":"instock","23":"taxable","24":"shipping-taxable","25":"purchasable","26":"product-type-variable"},"yoast_head":"<!-- This site is optimized with the Yoast SEO plugin v16.3 - https:\/\/yoast.com\/wordpress\/plugins\/seo\/ -->\n<title>Serie BAROCK CR - FLASH PHOTO IMAGE<\/title>\n<meta name=\"robots\" content=\"index, follow, max-snippet:-1, max-image-preview:large, max-video-preview:-1\" \/>\n<link rel=\"canonical\" href=\"https:\/\/www.flashphoto.es\/?product=serie-barcock-cr\" \/>\n<meta property=\"og:locale\" content=\"es_ES\" \/>\n<meta property=\"og:type\" content=\"article\" \/>\n<meta property=\"og:title\" content=\"Serie BAROCK CR - FLASH PHOTO IMAGE\" \/>\n<meta property=\"og:description\" content=\"Marco de madera de alta calidad con adornos  Formato hasta 20x30 cm con soporte  Con superficie en relieve\" \/>\n<meta property=\"og:url\" content=\"https:\/\/www.flashphoto.es\/?product=serie-barcock-cr\" \/>\n<meta property=\"og:site_name\" content=\"FLASH PHOTO IMAGE\" \/>\n<meta property=\"article:publisher\" content=\"https:\/\/www.facebook.com\/fp_flashphoto-100879842053462\" \/>\n<meta property=\"article:modified_time\" content=\"2026-03-24T19:24:29+00:00\" \/>\n<meta property=\"og:image\" content=\"http:\/\/www.flashphoto.es\/wp-content\/uploads\/2021\/04\/Serie-BAROCK-NEGRO-REDUCIDO.jpg\" \/>\n\t<meta property=\"og:image:width\" content=\"538\" \/>\n\t<meta property=\"og:image:height\" content=\"552\" \/>\n<meta name=\"twitter:card\" content=\"summary_large_image\" \/>\n<script type=\"application\/ld+json\" class=\"yoast-schema-graph\">{\"@context\":\"https:\/\/schema.org\",\"@graph\":[{\"@type\":\"WebSite\",\"@id\":\"https:\/\/www.flashphoto.es\/#website\",\"url\":\"https:\/\/www.flashphoto.es\/\",\"name\":\"FLASH PHOTO IMAGE\",\"description\":\"Decorando momentos inolvidables\",\"potentialAction\":[{\"@type\":\"SearchAction\",\"target\":\"https:\/\/www.flashphoto.es\/?s={search_term_string}\",\"query-input\":\"required name=search_term_string\"}],\"inLanguage\":\"es\"},{\"@type\":\"ImageObject\",\"@id\":\"https:\/\/www.flashphoto.es\/?product=serie-barcock-cr#primaryimage\",\"inLanguage\":\"es\",\"url\":\"https:\/\/www.flashphoto.es\/wp-content\/uploads\/2021\/04\/Serie-BAROCK-NEGRO-REDUCIDO.jpg\",\"contentUrl\":\"https:\/\/www.flashphoto.es\/wp-content\/uploads\/2021\/04\/Serie-BAROCK-NEGRO-REDUCIDO.jpg\",\"width\":538,\"height\":552},{\"@type\":\"WebPage\",\"@id\":\"https:\/\/www.flashphoto.es\/?product=serie-barcock-cr#webpage\",\"url\":\"https:\/\/www.flashphoto.es\/?product=serie-barcock-cr\",\"name\":\"Serie BAROCK CR - FLASH PHOTO IMAGE\",\"isPartOf\":{\"@id\":\"https:\/\/www.flashphoto.es\/#website\"},\"primaryImageOfPage\":{\"@id\":\"https:\/\/www.flashphoto.es\/?product=serie-barcock-cr#primaryimage\"},\"datePublished\":\"2021-04-21T08:29:30+00:00\",\"dateModified\":\"2026-03-24T19:24:29+00:00\",\"breadcrumb\":{\"@id\":\"https:\/\/www.flashphoto.es\/?product=serie-barcock-cr#breadcrumb\"},\"inLanguage\":\"es\",\"potentialAction\":[{\"@type\":\"ReadAction\",\"target\":[\"https:\/\/www.flashphoto.es\/?product=serie-barcock-cr\"]}]},{\"@type\":\"BreadcrumbList\",\"@id\":\"https:\/\/www.flashphoto.es\/?product=serie-barcock-cr#breadcrumb\",\"itemListElement\":[{\"@type\":\"ListItem\",\"position\":1,\"item\":{\"@type\":\"WebPage\",\"@id\":\"https:\/\/www.flashphoto.es\/\",\"url\":\"https:\/\/www.flashphoto.es\/\",\"name\":\"Portada\"}},{\"@type\":\"ListItem\",\"position\":2,\"item\":{\"@type\":\"WebPage\",\"@id\":\"https:\/\/www.flashphoto.es\/?post_type=product\",\"url\":\"https:\/\/www.flashphoto.es\/?post_type=product\",\"name\":\"Productos\"}},{\"@type\":\"ListItem\",\"position\":3,\"item\":{\"@id\":\"https:\/\/www.flashphoto.es\/?product=serie-barcock-cr#webpage\"}}]}]}<\/script>\n<!-- \/ Yoast SEO plugin. -->","_links":{"self":[{"href":"https:\/\/www.flashphoto.es\/index.php?rest_route=\/wp\/v2\/product\/8097","targetHints":{"allow":["GET"]}}],"collection":[{"href":"https:\/\/www.flashphoto.es\/index.php?rest_route=\/wp\/v2\/product"}],"about":[{"href":"https:\/\/www.flashphoto.es\/index.php?rest_route=\/wp\/v2\/types\/product"}],"replies":[{"embeddable":true,"href":"https:\/\/www.flashphoto.es\/index.php?rest_route=%2Fwp%2Fv2%2Fcomments&post=8097"}],"wp:featuredmedia":[{"embeddable":true,"href":"https:\/\/www.flashphoto.es\/index.php?rest_route=\/wp\/v2\/media\/8098"}],"wp:attachment":[{"href":"https:\/\/www.flashphoto.es\/index.php?rest_route=%2Fwp%2Fv2%2Fmedia&parent=8097"}],"wp:term":[{"taxonomy":"product_cat","embeddable":true,"href":"https:\/\/www.flashphoto.es\/index.php?rest_route=%2Fwp%2Fv2%2Fproduct_cat&post=8097"},{"taxonomy":"product_tag","embeddable":true,"href":"https:\/\/www.flashphoto.es\/index.php?rest_route=%2Fwp%2Fv2%2Fproduct_tag&post=8097"}],"curies":[{"name":"wp","href":"https:\/\/api.w.org\/{rel}","templated":true}]}}