{"id":8249,"date":"2021-04-22T12:31:12","date_gmt":"2021-04-22T12:31:12","guid":{"rendered":"https:\/\/www.flashphoto.es\/?post_type=product&#038;p=8249"},"modified":"2026-02-12T18:44:29","modified_gmt":"2026-02-12T18:44:29","slug":"serie-moderm-h8105","status":"publish","type":"product","link":"https:\/\/www.flashphoto.es\/?product=serie-moderm-h8105","title":{"rendered":"Serie MODERN H8105"},"content":{"rendered":"<ul>\n<li>Los Marcos Fotogr\u00e1ficos Henzo Modern tienen una apariencia discreta y elegante con sus marcos de madera.<\/li>\n<li>Debido al procesado de la madera, el marco llama la atenci\u00f3n un poco m\u00e1s que otros marcos fotogr\u00e1ficos de madera.<\/li>\n<li>La serie Modern de Henzo combina bien con cualquier interior.<\/li>\n<li>Puedes colocar o colgar este marco: de manera vertical u horizontal. Est\u00e1n disponibles en varios tama\u00f1os y colores.<\/li>\n<li>El cristal est\u00e1 cortado y pulido para ofrecer una claridad \u00f3ptima, y as\u00ed tus fotograf\u00edas est\u00e9n claramente visibles.<\/li>\n<li>Los colores pueden tener ligeras diferencias de tono respecto a la foto.<\/li>\n<\/ul>\n","protected":false},"excerpt":{"rendered":"<ul>\n<li>Elegante Marco de Madera<\/li>\n<li>Formato Horizontal y Vertical<\/li>\n<li>Aspecto Vintage<\/li>\n<\/ul>\n","protected":false},"featured_media":8253,"comment_status":"open","ping_status":"closed","template":"","meta":[],"product_cat":[159,82],"product_tag":[432,193],"class_list":{"0":"post-8249","1":"product","2":"type-product","3":"status-publish","4":"has-post-thumbnail","6":"product_cat-madera","7":"product_cat-marcos","8":"product_tag-madera","9":"product_tag-marco","10":"pa_color-moderm-blanco","11":"pa_color-moderm-gris","12":"pa_color-moderm-madera","13":"pa_color-moderm-marron","14":"pa_referencia-modern-015h","15":"pa_referencia-modern-020h","16":"pa_referencia-modern-025h","17":"pa_referencia-modern-030h","18":"pa_referencia-modern-h318","19":"pa_referencia-modern-515h","20":"pa_referencia-modern-520h","21":"pa_referencia-modern-824h","23":"first","24":"instock","25":"taxable","26":"shipping-taxable","27":"purchasable","28":"product-type-variable"},"yoast_head":"<!-- This site is optimized with the Yoast SEO plugin v16.3 - https:\/\/yoast.com\/wordpress\/plugins\/seo\/ -->\n<title>Serie MODERN H8105 - FLASH PHOTO IMAGE<\/title>\n<meta name=\"robots\" content=\"index, follow, max-snippet:-1, max-image-preview:large, max-video-preview:-1\" \/>\n<link rel=\"canonical\" href=\"https:\/\/www.flashphoto.es\/?product=serie-moderm-h8105\" \/>\n<meta property=\"og:locale\" content=\"es_ES\" \/>\n<meta property=\"og:type\" content=\"article\" \/>\n<meta property=\"og:title\" content=\"Serie MODERN H8105 - FLASH PHOTO IMAGE\" \/>\n<meta property=\"og:description\" content=\"Elegante Marco de Madera  Formato Horizontal y Vertical  Aspecto Vintage\" \/>\n<meta property=\"og:url\" content=\"https:\/\/www.flashphoto.es\/?product=serie-moderm-h8105\" \/>\n<meta property=\"og:site_name\" content=\"FLASH PHOTO IMAGE\" \/>\n<meta property=\"article:publisher\" content=\"https:\/\/www.facebook.com\/fp_flashphoto-100879842053462\" \/>\n<meta property=\"article:modified_time\" content=\"2026-02-12T18:44:29+00:00\" \/>\n<meta property=\"og:image\" content=\"http:\/\/www.flashphoto.es\/wp-content\/uploads\/2021\/04\/Serie-MODERM-MARRON.jpg\" \/>\n\t<meta property=\"og:image:width\" content=\"538\" \/>\n\t<meta property=\"og:image:height\" content=\"552\" \/>\n<meta name=\"twitter:card\" content=\"summary_large_image\" \/>\n<meta name=\"twitter:label1\" content=\"Tiempo de lectura\">\n\t<meta name=\"twitter:data1\" content=\"1 minuto\">\n<script type=\"application\/ld+json\" class=\"yoast-schema-graph\">{\"@context\":\"https:\/\/schema.org\",\"@graph\":[{\"@type\":\"WebSite\",\"@id\":\"https:\/\/www.flashphoto.es\/#website\",\"url\":\"https:\/\/www.flashphoto.es\/\",\"name\":\"FLASH PHOTO IMAGE\",\"description\":\"Decorando momentos inolvidables\",\"potentialAction\":[{\"@type\":\"SearchAction\",\"target\":\"https:\/\/www.flashphoto.es\/?s={search_term_string}\",\"query-input\":\"required name=search_term_string\"}],\"inLanguage\":\"es\"},{\"@type\":\"ImageObject\",\"@id\":\"https:\/\/www.flashphoto.es\/?product=serie-moderm-h8105#primaryimage\",\"inLanguage\":\"es\",\"url\":\"https:\/\/www.flashphoto.es\/wp-content\/uploads\/2021\/04\/Serie-MODERM-MARRON.jpg\",\"contentUrl\":\"https:\/\/www.flashphoto.es\/wp-content\/uploads\/2021\/04\/Serie-MODERM-MARRON.jpg\",\"width\":538,\"height\":552},{\"@type\":\"WebPage\",\"@id\":\"https:\/\/www.flashphoto.es\/?product=serie-moderm-h8105#webpage\",\"url\":\"https:\/\/www.flashphoto.es\/?product=serie-moderm-h8105\",\"name\":\"Serie MODERN H8105 - FLASH PHOTO IMAGE\",\"isPartOf\":{\"@id\":\"https:\/\/www.flashphoto.es\/#website\"},\"primaryImageOfPage\":{\"@id\":\"https:\/\/www.flashphoto.es\/?product=serie-moderm-h8105#primaryimage\"},\"datePublished\":\"2021-04-22T12:31:12+00:00\",\"dateModified\":\"2026-02-12T18:44:29+00:00\",\"breadcrumb\":{\"@id\":\"https:\/\/www.flashphoto.es\/?product=serie-moderm-h8105#breadcrumb\"},\"inLanguage\":\"es\",\"potentialAction\":[{\"@type\":\"ReadAction\",\"target\":[\"https:\/\/www.flashphoto.es\/?product=serie-moderm-h8105\"]}]},{\"@type\":\"BreadcrumbList\",\"@id\":\"https:\/\/www.flashphoto.es\/?product=serie-moderm-h8105#breadcrumb\",\"itemListElement\":[{\"@type\":\"ListItem\",\"position\":1,\"item\":{\"@type\":\"WebPage\",\"@id\":\"https:\/\/www.flashphoto.es\/\",\"url\":\"https:\/\/www.flashphoto.es\/\",\"name\":\"Portada\"}},{\"@type\":\"ListItem\",\"position\":2,\"item\":{\"@type\":\"WebPage\",\"@id\":\"https:\/\/www.flashphoto.es\/?post_type=product\",\"url\":\"https:\/\/www.flashphoto.es\/?post_type=product\",\"name\":\"Productos\"}},{\"@type\":\"ListItem\",\"position\":3,\"item\":{\"@id\":\"https:\/\/www.flashphoto.es\/?product=serie-moderm-h8105#webpage\"}}]}]}<\/script>\n<!-- \/ Yoast SEO plugin. -->","_links":{"self":[{"href":"https:\/\/www.flashphoto.es\/index.php?rest_route=\/wp\/v2\/product\/8249","targetHints":{"allow":["GET"]}}],"collection":[{"href":"https:\/\/www.flashphoto.es\/index.php?rest_route=\/wp\/v2\/product"}],"about":[{"href":"https:\/\/www.flashphoto.es\/index.php?rest_route=\/wp\/v2\/types\/product"}],"replies":[{"embeddable":true,"href":"https:\/\/www.flashphoto.es\/index.php?rest_route=%2Fwp%2Fv2%2Fcomments&post=8249"}],"wp:featuredmedia":[{"embeddable":true,"href":"https:\/\/www.flashphoto.es\/index.php?rest_route=\/wp\/v2\/media\/8253"}],"wp:attachment":[{"href":"https:\/\/www.flashphoto.es\/index.php?rest_route=%2Fwp%2Fv2%2Fmedia&parent=8249"}],"wp:term":[{"taxonomy":"product_cat","embeddable":true,"href":"https:\/\/www.flashphoto.es\/index.php?rest_route=%2Fwp%2Fv2%2Fproduct_cat&post=8249"},{"taxonomy":"product_tag","embeddable":true,"href":"https:\/\/www.flashphoto.es\/index.php?rest_route=%2Fwp%2Fv2%2Fproduct_tag&post=8249"}],"curies":[{"name":"wp","href":"https:\/\/api.w.org\/{rel}","templated":true}]}}